{"id":64,"date":"2017-08-23T18:48:37","date_gmt":"2017-08-23T16:48:37","guid":{"rendered":"http:\/\/herve-menanteau-sophrologue.fr\/?page_id=64"},"modified":"2017-09-03T12:30:09","modified_gmt":"2017-09-03T10:30:09","slug":"lhistoire-de-la-sophrologie","status":"publish","type":"page","link":"https:\/\/herve-menanteau-sophrologue.fr\/?page_id=64","title":{"rendered":"L&rsquo;HISTOIRE DE LA SOPHROLOGIE"},"content":{"rendered":"<h2>L&rsquo;origine de la sophrologie et le Professeur Alfonso CAYCEDO<\/h2>\n<div id=\"CIHAGAIHHVJVM\" class=\" \">La sophrologie se situe au croisement de la relaxation occidentale et de la m\u00e9ditation orientale. Elle permet \u00e0 chacun de d\u00e9velopper ses capacit\u00e9s, de trouver de nouvelles ressources en lui-m\u00eame et d&rsquo;am\u00e9liorer sa qualit\u00e9 de vie.<\/div>\n<div><\/div>\n<div>\n<h2>Une nouvelle discipline appel\u00e9e \u00ab\u00a0sophrologie\u00a0\u00bb<\/h2>\n<p><span style=\"font-size: 1rem;\">Il y a pr\u00e8s de 60 ans, le jeune Dr Alfonso Caycedo fait ses d\u00e9buts dans l&rsquo;exercice de la psychiatrie \u00e0 l&rsquo;H\u00f4pital Provincial de Madrid. Il est profond\u00e9ment marqu\u00e9 par les traitements brutaux inflig\u00e9s aux patients (\u00e9lectrochocs, comas insuliniques, etc&#8230;), sans en mesurer toutes les cons\u00e9quences.<\/span><\/p>\n<\/div>\n<div>C&rsquo;est ce v\u00e9cu qui le d\u00e9cide \u00e0 se consacrer \u00e0 l&rsquo;\u00e9tude de la conscience et \u00e0 la recherche d&rsquo;autres formes de th\u00e9rapies adapt\u00e9es \u00e0 la psychiatrie.<\/div>\n<div><\/div>\n<div>C&rsquo;est avec une approche r\u00e9solument m\u00e9dicale et scientifique qu&rsquo;il cr\u00e9e une nouvelle discipline qu&rsquo;il appellera \u00ab\u00a0sophrologie\u00a0\u00bb d&rsquo;apr\u00e8s les racines grecques SOS-PHREN-LOGOS ou \u00ab\u00a0\u00e9tude de la conscience en \u00e9quilibre\u00a0\u00bb.<\/div>\n<div>\n<div>Son but est alors d&rsquo;apporter \u00e0 ses patients une am\u00e9lioration de leur qualit\u00e9 de vie. Au cours des ann\u00e9es 60, et toujours pouss\u00e9 par cette motivation, ses voyages le m\u00e8nent en Suisse o\u00f9 il collabore avec le professeur Ludwig Binswanger (1881-1966), p\u00e8re de la psychiatrie ph\u00e9nom\u00e9nologique.<\/div>\n<div><\/div>\n<\/div>\n<div>\n<h2>Les ann\u00e9es de developpement de la M\u00e9thode Caycedo\u00ae<\/h2>\n<p>De 1967 \u00e0 2000, le Dr Caycedo met progressivement en place les 12 degr\u00e9s de la M\u00e9thode Caycedo, qu&rsquo;il nommera aussi \u00ab\u00a0Relaxation dynamique de Caycedo\u00a0\u00bb. Bien au-del\u00e0 d&rsquo;une simple m\u00e9thode de relaxation, la Sophrologie Cayc\u00e9dienne propose, gr\u00e2ce \u00e0 un entrainement r\u00e9gulier permettant la ma\u00eetrise progressive de ces niveaux, un chemin vers la conqu\u00eate d&rsquo;un v\u00e9ritable \u00e9quilibre personnel et une exp\u00e9rience profonde de nos valeurs.<\/p>\n<p>Au cours de ces derni\u00e8res ann\u00e9es, la Sophrologie Cayc\u00e9dienne a \u00e9largi sa m\u00e9thodologie et ouvert son champ purement m\u00e9dical \u00e0 de nouvelles applications telles que la p\u00e9dagogie, le sport ou tout simplement \u00e0 ceux qui cherchent une existence \u00e9quilibr\u00e9e et un bien-\u00eatre au quotidien.<\/p>\n<\/div>\n<h2>Influences dont est issue la Sophrologie Cayc\u00e9dienne<\/h2>\n<p>-Training autog\u00e8ne de Schultz<\/p>\n<p>-Boudisme Tib\u00e9tain<\/p>\n<p>-Hypnose<\/p>\n<p>-Zen<\/p>\n<p>-Neuro-Psychologie<\/p>\n<p>-Raja Yoga<\/p>\n<p>-Ph\u00e9nom\u00e9nologie<\/p>\n<p>&nbsp;<\/p>\n<div><\/div>\n<div><\/div>\n<p>&nbsp;<\/p>\n","protected":false},"excerpt":{"rendered":"<p>L&rsquo;origine de la sophrologie et le Professeur Alfonso CAYCEDO La sophrologie se situe au croisement de la relaxation occidentale et de la m\u00e9ditation orientale. Elle permet \u00e0 chacun de d\u00e9velopper ses capacit\u00e9s, de trouver de nouvelles ressources en lui-m\u00eame et d&rsquo;am\u00e9liorer sa qualit\u00e9 de vie. Une nouvelle discipline appel\u00e9e \u00ab\u00a0sophrologie\u00a0\u00bb Il y a pr\u00e8s de &hellip; <\/p>\n<p class=\"link-more\"><a href=\"https:\/\/herve-menanteau-sophrologue.fr\/?page_id=64\" class=\"more-link\">Continuer la lecture<span class=\"screen-reader-text\"> de &laquo;&nbsp;L&rsquo;HISTOIRE DE LA SOPHROLOGIE&nbsp;&raquo;<\/span><\/a><\/p>\n","protected":false},"author":1,"featured_media":161,"parent":0,"menu_order":0,"comment_status":"closed","ping_status":"closed","template":"","meta":{"footnotes":""},"_links":{"self":[{"href":"https:\/\/herve-menanteau-sophrologue.fr\/index.php?rest_route=\/wp\/v2\/pages\/64"}],"collection":[{"href":"https:\/\/herve-menanteau-sophrologue.fr\/index.php?rest_route=\/wp\/v2\/pages"}],"about":[{"href":"https:\/\/herve-menanteau-sophrologue.fr\/index.php?rest_route=\/wp\/v2\/types\/page"}],"author":[{"embeddable":true,"href":"https:\/\/herve-menanteau-sophrologue.fr\/index.php?rest_route=\/wp\/v2\/users\/1"}],"replies":[{"embeddable":true,"href":"https:\/\/herve-menanteau-sophrologue.fr\/index.php?rest_route=%2Fwp%2Fv2%2Fcomments&post=64"}],"version-history":[{"count":11,"href":"https:\/\/herve-menanteau-sophrologue.fr\/index.php?rest_route=\/wp\/v2\/pages\/64\/revisions"}],"predecessor-version":[{"id":190,"href":"https:\/\/herve-menanteau-sophrologue.fr\/index.php?rest_route=\/wp\/v2\/pages\/64\/revisions\/190"}],"wp:featuredmedia":[{"embeddable":true,"href":"https:\/\/herve-menanteau-sophrologue.fr\/index.php?rest_route=\/wp\/v2\/media\/161"}],"wp:attachment":[{"href":"https:\/\/herve-menanteau-sophrologue.fr\/index.php?rest_route=%2Fwp%2Fv2%2Fmedia&parent=64"}],"curies":[{"name":"wp","href":"https:\/\/api.w.org\/{rel}","templated":true}]}}